{"id":2098,"date":"2021-05-03T13:29:33","date_gmt":"2021-05-03T13:29:33","guid":{"rendered":"https:\/\/abov.us\/contact\/"},"modified":"2024-03-26T20:39:50","modified_gmt":"2024-03-26T20:39:50","slug":"contact","status":"publish","type":"page","link":"https:\/\/abov.us\/fr-ca\/contact\/","title":{"rendered":"Contact"},"content":{"rendered":"\t\t<div data-elementor-type=\"wp-page\" data-elementor-id=\"2098\" class=\"elementor elementor-2098 elementor-1203\" data-elementor-post-type=\"page\">\n\t\t\t\t<div class=\"elementor-element elementor-element-3956d7a e-flex e-con-boxed e-con e-parent\" data-id=\"3956d7a\" data-element_type=\"container\" data-e-type=\"container\" data-settings=\"{&quot;background_background&quot;:&quot;classic&quot;,&quot;shape_divider_bottom&quot;:&quot;tilt&quot;}\">\n\t\t\t\t\t<div class=\"e-con-inner\">\n\t\t\t\t<div class=\"elementor-shape elementor-shape-bottom\" aria-hidden=\"true\" data-negative=\"false\">\n\t\t\t<svg xmlns=\"http:\/\/www.w3.org\/2000\/svg\" viewBox=\"0 0 1000 100\" preserveAspectRatio=\"none\">\n\t<path class=\"elementor-shape-fill\" d=\"M0,6V0h1000v100L0,6z\"\/>\n<\/svg>\t\t<\/div>\n\t\t<div class=\"elementor-element elementor-element-73abcd0 e-con-full e-flex e-con e-child\" data-id=\"73abcd0\" data-element_type=\"container\" data-e-type=\"container\">\n\t\t\t\t<div class=\"elementor-element elementor-element-d1acf73 elementor-widget-divider--view-line elementor-widget elementor-widget-divider\" data-id=\"d1acf73\" data-element_type=\"widget\" data-e-type=\"widget\" data-widget_type=\"divider.default\">\n\t\t\t\t<div class=\"elementor-widget-container\">\n\t\t\t\t\t\t\t<div class=\"elementor-divider\">\n\t\t\t<span class=\"elementor-divider-separator\">\n\t\t\t\t\t\t<\/span>\n\t\t<\/div>\n\t\t\t\t\t\t<\/div>\n\t\t\t\t<\/div>\n\t\t\t\t<div class=\"elementor-element elementor-element-934a106 elementor-widget elementor-widget-heading\" data-id=\"934a106\" data-element_type=\"widget\" data-e-type=\"widget\" data-widget_type=\"heading.default\">\n\t\t\t\t<div class=\"elementor-widget-container\">\n\t\t\t\t\t<h1 class=\"elementor-heading-title elementor-size-default\">Nous contacter<\/h1>\t\t\t\t<\/div>\n\t\t\t\t<\/div>\n\t\t\t\t<\/div>\n\t\t\t\t\t<\/div>\n\t\t\t\t<\/div>\n\t\t<div class=\"elementor-element elementor-element-be74230 e-flex e-con-boxed e-con e-parent\" data-id=\"be74230\" data-element_type=\"container\" data-e-type=\"container\" data-settings=\"{&quot;background_background&quot;:&quot;classic&quot;}\">\n\t\t\t\t\t<div class=\"e-con-inner\">\n\t\t<div class=\"elementor-element elementor-element-63b81da e-con-full e-flex e-con e-child\" data-id=\"63b81da\" data-element_type=\"container\" data-e-type=\"container\">\n\t\t\t\t<div class=\"elementor-element elementor-element-811162b elementor-widget elementor-widget-heading\" data-id=\"811162b\" data-element_type=\"widget\" data-e-type=\"widget\" data-widget_type=\"heading.default\">\n\t\t\t\t<div class=\"elementor-widget-container\">\n\t\t\t\t\t<h2 class=\"elementor-heading-title elementor-size-default\">Nous sommes l\u00e0 pour vous aider !<\/h2>\t\t\t\t<\/div>\n\t\t\t\t<\/div>\n\t\t\t\t<div class=\"elementor-element elementor-element-6cb516d elementor-widget elementor-widget-text-editor\" data-id=\"6cb516d\" data-element_type=\"widget\" data-e-type=\"widget\" data-widget_type=\"text-editor.default\">\n\t\t\t\t<div class=\"elementor-widget-container\">\n\t\t\t\t\t\t\t\t\t<p>N&#8217;h\u00e9sitez pas \u00e0 nous contacter si vous avez des questions sur nos lignes directrices en mati\u00e8re de v\u00e9rification et sur la mani\u00e8re dont vous pouvez commencer \u00e0 travailler avec ABOV.<\/p>\n\t\t\t\t\t\t\t\t<\/div>\n\t\t\t\t<\/div>\n\t\t\t\t<\/div>\n\t\t<div class=\"elementor-element elementor-element-8206fdd e-con-full e-flex e-con e-child\" data-id=\"8206fdd\" data-element_type=\"container\" data-e-type=\"container\" data-settings=\"{&quot;background_background&quot;:&quot;classic&quot;}\">\n\t\t\t\t<div class=\"elementor-element elementor-element-3d5957f elementor-widget elementor-widget-heading\" data-id=\"3d5957f\" data-element_type=\"widget\" data-e-type=\"widget\" data-widget_type=\"heading.default\">\n\t\t\t\t<div class=\"elementor-widget-container\">\n\t\t\t\t\t<h3 class=\"elementor-heading-title elementor-size-default\">Envoyer un message<\/h3>\t\t\t\t<\/div>\n\t\t\t\t<\/div>\n\t\t\t\t<div class=\"elementor-element elementor-element-ae9e2c2 elementor-widget elementor-widget-wpforms\" data-id=\"ae9e2c2\" data-element_type=\"widget\" data-e-type=\"widget\" data-widget_type=\"wpforms.default\">\n\t\t\t\t<div class=\"elementor-widget-container\">\n\t\t\t\t\t<div class=\"wpforms-container \" id=\"wpforms-213\"><form id=\"wpforms-form-213\" class=\"wpforms-validate wpforms-form\" data-formid=\"213\" method=\"post\" enctype=\"multipart\/form-data\" action=\"\/fr-ca\/wp-json\/wp\/v2\/pages\/2098\" data-token=\"a7371106856646d3b71151a329099b9c\" data-token-time=\"1777604582\"><noscript class=\"wpforms-error-noscript\">Please enable JavaScript in your browser to complete this form.<\/noscript><div class=\"wpforms-field-container\"><div id=\"wpforms-213-field_0-container\" class=\"wpforms-field wpforms-field-name\" data-field-id=\"0\"><label class=\"wpforms-field-label wpforms-label-hide\" for=\"wpforms-213-field_0\">Name <span class=\"wpforms-required-label\">*<\/span><\/label><div class=\"wpforms-field-row wpforms-field-large\"><div class=\"wpforms-field-row-block wpforms-first wpforms-one-half\"><input type=\"text\" id=\"wpforms-213-field_0\" class=\"wpforms-field-name-first wpforms-field-required\" name=\"wpforms[fields][0][first]\" placeholder=\"First Name\" required><label for=\"wpforms-213-field_0\" class=\"wpforms-field-sublabel after wpforms-sublabel-hide\">First<\/label><\/div><div class=\"wpforms-field-row-block wpforms-one-half\"><input type=\"text\" id=\"wpforms-213-field_0-last\" class=\"wpforms-field-name-last wpforms-field-required\" name=\"wpforms[fields][0][last]\" placeholder=\"Last Name\" required><label for=\"wpforms-213-field_0-last\" class=\"wpforms-field-sublabel after wpforms-sublabel-hide\">Last<\/label><\/div><\/div><\/div><div id=\"wpforms-213-field_1-container\" class=\"wpforms-field wpforms-field-email\" data-field-id=\"1\"><label class=\"wpforms-field-label wpforms-label-hide\" for=\"wpforms-213-field_1\">Email <span class=\"wpforms-required-label\">*<\/span><\/label><input type=\"email\" id=\"wpforms-213-field_1\" class=\"wpforms-field-large wpforms-field-required\" name=\"wpforms[fields][1]\" placeholder=\"Email Address\" spellcheck=\"false\" required><\/div><div id=\"wpforms-213-field_3-container\" class=\"wpforms-field wpforms-field-text\" data-field-id=\"3\"><label class=\"wpforms-field-label wpforms-label-hide\" for=\"wpforms-213-field_3\">Subject <span class=\"wpforms-required-label\">*<\/span><\/label><input type=\"text\" id=\"wpforms-213-field_3\" class=\"wpforms-field-large wpforms-field-required\" name=\"wpforms[fields][3]\" placeholder=\"Subject\" required><\/div><div id=\"wpforms-213-field_2-container\" class=\"wpforms-field wpforms-field-textarea\" data-field-id=\"2\"><label class=\"wpforms-field-label wpforms-label-hide\" for=\"wpforms-213-field_2\">Comment or Message <span class=\"wpforms-required-label\">*<\/span><\/label><textarea id=\"wpforms-213-field_2\" class=\"wpforms-field-medium wpforms-field-required\" name=\"wpforms[fields][2]\" placeholder=\"Please write in either English or French.\" required><\/textarea><div class=\"wpforms-field-description\">Please note that we can only communicate in either English or French. Thank you for your understanding.<\/div><\/div><\/div><!-- .wpforms-field-container --><div class=\"wpforms-recaptcha-container wpforms-is-hcaptcha\" ><div class=\"h-captcha\" data-sitekey=\"d4a0cfb6-9190-4ff6-a3a2-3a66a014fa66\"><\/div><input type=\"text\" name=\"g-recaptcha-hidden\" class=\"wpforms-recaptcha-hidden\" style=\"position:absolute!important;clip:rect(0,0,0,0)!important;height:1px!important;width:1px!important;border:0!important;overflow:hidden!important;padding:0!important;margin:0!important;\" data-rule-hcaptcha=\"1\"><\/div><div class=\"wpforms-submit-container\" ><input type=\"hidden\" name=\"wpforms[id]\" value=\"213\"><input type=\"hidden\" name=\"page_title\" value=\"\"><input type=\"hidden\" name=\"page_url\" value=\"https:\/\/abov.us\/fr-ca\/wp-json\/wp\/v2\/pages\/2098\"><input type=\"hidden\" name=\"url_referer\" value=\"\"><button type=\"submit\" name=\"wpforms[submit]\" id=\"wpforms-submit-213\" class=\"wpforms-submit\" data-alt-text=\"Sending...\" data-submit-text=\"Send Message\" aria-live=\"assertive\" value=\"wpforms-submit\">Send Message<\/button><\/div><\/form><\/div>  <!-- .wpforms-container -->\t\t\t\t<\/div>\n\t\t\t\t<\/div>\n\t\t\t\t<\/div>\n\t\t\t\t\t<\/div>\n\t\t\t\t<\/div>\n\t\t\t\t<\/div>\n\t\t","protected":false},"excerpt":{"rendered":"<p>Nous contacter Nous sommes l\u00e0 pour vous aider ! N&#8217;h\u00e9sitez pas \u00e0 nous contacter si vous avez des questions sur nos lignes directrices en mati\u00e8re de v\u00e9rification et sur la mani\u00e8re dont vous pouvez commencer \u00e0 travailler avec ABOV. Envoyer un message Please enable JavaScript in your browser to complete this form.Name *FirstLastEmail *Subject *Comment [&hellip;]<\/p>\n","protected":false},"author":2,"featured_media":0,"parent":0,"menu_order":0,"comment_status":"closed","ping_status":"closed","template":"","meta":{"_acf_changed":false,"_coblocks_attr":"","_coblocks_dimensions":"","_coblocks_responsive_height":"","_coblocks_accordion_ie_support":"","site-sidebar-layout":"no-sidebar","site-content-layout":"page-builder","ast-site-content-layout":"full-width-container","site-content-style":"unboxed","site-sidebar-style":"unboxed","ast-global-header-display":"","ast-banner-title-visibility":"","ast-main-header-display":"","ast-hfb-above-header-display":"","ast-hfb-below-header-display":"","ast-hfb-mobile-header-display":"","site-post-title":"disabled","ast-breadcrumbs-content":"","ast-featured-img":"disabled","footer-sml-layout":"","ast-disable-related-posts":"","theme-transparent-header-meta":"enabled","adv-header-id-meta":"","stick-header-meta":"","header-above-stick-meta":"","header-main-stick-meta":"","header-below-stick-meta":"","astra-migrate-meta-layouts":"default","ast-page-background-enabled":"default","ast-page-background-meta":{"desktop":{"background-color":"","background-image":"","background-repeat":"repeat","background-position":"center center","background-size":"auto","background-attachment":"scroll","background-type":"","background-media":"","overlay-type":"","overlay-color":"","overlay-opacity":"","overlay-gradient":""},"tablet":{"background-color":"","background-image":"","background-repeat":"repeat","background-position":"center center","background-size":"auto","background-attachment":"scroll","background-type":"","background-media":"","overlay-type":"","overlay-color":"","overlay-opacity":"","overlay-gradient":""},"mobile":{"background-color":"","background-image":"","background-repeat":"repeat","background-position":"center center","background-size":"auto","background-attachment":"scroll","background-type":"","background-media":"","overlay-type":"","overlay-color":"","overlay-opacity":"","overlay-gradient":""}},"ast-content-background-meta":{"desktop":{"background-color":"var(--ast-global-color-5)","background-image":"","background-repeat":"repeat","background-position":"center center","background-size":"auto","background-attachment":"scroll","background-type":"","background-media":"","overlay-type":"","overlay-color":"","overlay-opacity":"","overlay-gradient":""},"tablet":{"background-color":"var(--ast-global-color-5)","background-image":"","background-repeat":"repeat","background-position":"center center","background-size":"auto","background-attachment":"scroll","background-type":"","background-media":"","overlay-type":"","overlay-color":"","overlay-opacity":"","overlay-gradient":""},"mobile":{"background-color":"var(--ast-global-color-5)","background-image":"","background-repeat":"repeat","background-position":"center center","background-size":"auto","background-attachment":"scroll","background-type":"","background-media":"","overlay-type":"","overlay-color":"","overlay-opacity":"","overlay-gradient":""}},"footnotes":""},"class_list":["post-2098","page","type-page","status-publish","hentry"],"acf":[],"yoast_head":"<!-- This site is optimized with the Yoast SEO Premium plugin v24.6 (Yoast SEO v27.5) - https:\/\/yoast.com\/product\/yoast-seo-premium-wordpress\/ -->\n<title>Contact | ABOV<\/title>\n<meta name=\"robots\" content=\"index, follow, max-snippet:-1, max-image-preview:large, max-video-preview:-1\" \/>\n<link rel=\"canonical\" href=\"https:\/\/abov.us\/fr-ca\/contact\/\" \/>\n<meta property=\"og:locale\" content=\"fr_CA\" \/>\n<meta property=\"og:type\" content=\"article\" \/>\n<meta property=\"og:title\" content=\"Contact\" \/>\n<meta property=\"og:description\" content=\"Nous contacter Nous sommes l\u00e0 pour vous aider ! N&#8217;h\u00e9sitez pas \u00e0 nous contacter si vous avez des questions sur nos lignes directrices en mati\u00e8re de v\u00e9rification et sur la mani\u00e8re dont vous pouvez commencer \u00e0 travailler avec ABOV. Envoyer un message Please enable JavaScript in your browser to complete this form.Name *FirstLastEmail *Subject *Comment [&hellip;]\" \/>\n<meta property=\"og:url\" content=\"https:\/\/abov.us\/fr-ca\/contact\/\" \/>\n<meta property=\"og:site_name\" content=\"ABOV\" \/>\n<meta property=\"article:modified_time\" content=\"2024-03-26T20:39:50+00:00\" \/>\n<meta name=\"twitter:card\" content=\"summary_large_image\" \/>\n<script type=\"application\/ld+json\" class=\"yoast-schema-graph\">{\"@context\":\"https:\\\/\\\/schema.org\",\"@graph\":[{\"@type\":\"WebPage\",\"@id\":\"https:\\\/\\\/abov.us\\\/fr-ca\\\/contact\\\/\",\"url\":\"https:\\\/\\\/abov.us\\\/fr-ca\\\/contact\\\/\",\"name\":\"Contact | ABOV\",\"isPartOf\":{\"@id\":\"https:\\\/\\\/abov.us\\\/fr-ca\\\/#website\"},\"datePublished\":\"2021-05-03T13:29:33+00:00\",\"dateModified\":\"2024-03-26T20:39:50+00:00\",\"breadcrumb\":{\"@id\":\"https:\\\/\\\/abov.us\\\/fr-ca\\\/contact\\\/#breadcrumb\"},\"inLanguage\":\"fr-CA\",\"potentialAction\":[{\"@type\":\"ReadAction\",\"target\":[\"https:\\\/\\\/abov.us\\\/fr-ca\\\/contact\\\/\"]}]},{\"@type\":\"BreadcrumbList\",\"@id\":\"https:\\\/\\\/abov.us\\\/fr-ca\\\/contact\\\/#breadcrumb\",\"itemListElement\":[{\"@type\":\"ListItem\",\"position\":1,\"name\":\"Home\",\"item\":\"https:\\\/\\\/abov.us\\\/fr-ca\\\/accueil\\\/\"},{\"@type\":\"ListItem\",\"position\":2,\"name\":\"Contact\"}]},{\"@type\":\"WebSite\",\"@id\":\"https:\\\/\\\/abov.us\\\/fr-ca\\\/#website\",\"url\":\"https:\\\/\\\/abov.us\\\/fr-ca\\\/\",\"name\":\"ABOV\",\"description\":\"Agriculture Beyond Organic Verification\",\"publisher\":{\"@id\":\"https:\\\/\\\/abov.us\\\/fr-ca\\\/#organization\"},\"potentialAction\":[{\"@type\":\"SearchAction\",\"target\":{\"@type\":\"EntryPoint\",\"urlTemplate\":\"https:\\\/\\\/abov.us\\\/fr-ca\\\/?s={search_term_string}\"},\"query-input\":{\"@type\":\"PropertyValueSpecification\",\"valueRequired\":true,\"valueName\":\"search_term_string\"}}],\"inLanguage\":\"fr-CA\"},{\"@type\":\"Organization\",\"@id\":\"https:\\\/\\\/abov.us\\\/fr-ca\\\/#organization\",\"name\":\"ABOV\",\"url\":\"https:\\\/\\\/abov.us\\\/fr-ca\\\/\",\"logo\":{\"@type\":\"ImageObject\",\"inLanguage\":\"fr-CA\",\"@id\":\"https:\\\/\\\/abov.us\\\/fr-ca\\\/#\\\/schema\\\/logo\\\/image\\\/\",\"url\":\"https:\\\/\\\/abov.us\\\/wp-content\\\/uploads\\\/2024\\\/03\\\/cropped-logo-ABOV-with-Tagline-tp.png\",\"contentUrl\":\"https:\\\/\\\/abov.us\\\/wp-content\\\/uploads\\\/2024\\\/03\\\/cropped-logo-ABOV-with-Tagline-tp.png\",\"width\":613,\"height\":293,\"caption\":\"ABOV\"},\"image\":{\"@id\":\"https:\\\/\\\/abov.us\\\/fr-ca\\\/#\\\/schema\\\/logo\\\/image\\\/\"}}]}<\/script>\n<!-- \/ Yoast SEO Premium plugin. -->","yoast_head_json":{"title":"Contact | ABOV","robots":{"index":"index","follow":"follow","max-snippet":"max-snippet:-1","max-image-preview":"max-image-preview:large","max-video-preview":"max-video-preview:-1"},"canonical":"https:\/\/abov.us\/fr-ca\/contact\/","og_locale":"fr_CA","og_type":"article","og_title":"Contact","og_description":"Nous contacter Nous sommes l\u00e0 pour vous aider ! N&#8217;h\u00e9sitez pas \u00e0 nous contacter si vous avez des questions sur nos lignes directrices en mati\u00e8re de v\u00e9rification et sur la mani\u00e8re dont vous pouvez commencer \u00e0 travailler avec ABOV. Envoyer un message Please enable JavaScript in your browser to complete this form.Name *FirstLastEmail *Subject *Comment [&hellip;]","og_url":"https:\/\/abov.us\/fr-ca\/contact\/","og_site_name":"ABOV","article_modified_time":"2024-03-26T20:39:50+00:00","twitter_card":"summary_large_image","schema":{"@context":"https:\/\/schema.org","@graph":[{"@type":"WebPage","@id":"https:\/\/abov.us\/fr-ca\/contact\/","url":"https:\/\/abov.us\/fr-ca\/contact\/","name":"Contact | ABOV","isPartOf":{"@id":"https:\/\/abov.us\/fr-ca\/#website"},"datePublished":"2021-05-03T13:29:33+00:00","dateModified":"2024-03-26T20:39:50+00:00","breadcrumb":{"@id":"https:\/\/abov.us\/fr-ca\/contact\/#breadcrumb"},"inLanguage":"fr-CA","potentialAction":[{"@type":"ReadAction","target":["https:\/\/abov.us\/fr-ca\/contact\/"]}]},{"@type":"BreadcrumbList","@id":"https:\/\/abov.us\/fr-ca\/contact\/#breadcrumb","itemListElement":[{"@type":"ListItem","position":1,"name":"Home","item":"https:\/\/abov.us\/fr-ca\/accueil\/"},{"@type":"ListItem","position":2,"name":"Contact"}]},{"@type":"WebSite","@id":"https:\/\/abov.us\/fr-ca\/#website","url":"https:\/\/abov.us\/fr-ca\/","name":"ABOV","description":"Agriculture Beyond Organic Verification","publisher":{"@id":"https:\/\/abov.us\/fr-ca\/#organization"},"potentialAction":[{"@type":"SearchAction","target":{"@type":"EntryPoint","urlTemplate":"https:\/\/abov.us\/fr-ca\/?s={search_term_string}"},"query-input":{"@type":"PropertyValueSpecification","valueRequired":true,"valueName":"search_term_string"}}],"inLanguage":"fr-CA"},{"@type":"Organization","@id":"https:\/\/abov.us\/fr-ca\/#organization","name":"ABOV","url":"https:\/\/abov.us\/fr-ca\/","logo":{"@type":"ImageObject","inLanguage":"fr-CA","@id":"https:\/\/abov.us\/fr-ca\/#\/schema\/logo\/image\/","url":"https:\/\/abov.us\/wp-content\/uploads\/2024\/03\/cropped-logo-ABOV-with-Tagline-tp.png","contentUrl":"https:\/\/abov.us\/wp-content\/uploads\/2024\/03\/cropped-logo-ABOV-with-Tagline-tp.png","width":613,"height":293,"caption":"ABOV"},"image":{"@id":"https:\/\/abov.us\/fr-ca\/#\/schema\/logo\/image\/"}}]}},"_links":{"self":[{"href":"https:\/\/abov.us\/fr-ca\/wp-json\/wp\/v2\/pages\/2098","targetHints":{"allow":["GET"]}}],"collection":[{"href":"https:\/\/abov.us\/fr-ca\/wp-json\/wp\/v2\/pages"}],"about":[{"href":"https:\/\/abov.us\/fr-ca\/wp-json\/wp\/v2\/types\/page"}],"author":[{"embeddable":true,"href":"https:\/\/abov.us\/fr-ca\/wp-json\/wp\/v2\/users\/2"}],"replies":[{"embeddable":true,"href":"https:\/\/abov.us\/fr-ca\/wp-json\/wp\/v2\/comments?post=2098"}],"version-history":[{"count":6,"href":"https:\/\/abov.us\/fr-ca\/wp-json\/wp\/v2\/pages\/2098\/revisions"}],"predecessor-version":[{"id":2355,"href":"https:\/\/abov.us\/fr-ca\/wp-json\/wp\/v2\/pages\/2098\/revisions\/2355"}],"wp:attachment":[{"href":"https:\/\/abov.us\/fr-ca\/wp-json\/wp\/v2\/media?parent=2098"}],"curies":[{"name":"wp","href":"https:\/\/api.w.org\/{rel}","templated":true}]}}